{"id":611,"date":"2025-11-01T18:55:54","date_gmt":"2025-11-01T21:55:54","guid":{"rendered":"https:\/\/fabricadetendas.com.br\/tendas\/tendas-personalizadas\/?page_id=611"},"modified":"2026-01-19T00:25:28","modified_gmt":"2026-01-19T03:25:28","slug":"home","status":"publish","type":"page","link":"https:\/\/fabricadetendas.com.br\/tendas\/tendas-personalizadas\/","title":{"rendered":"Tendas Personalizadas"},"content":{"rendered":"<p><div class=\"fusion-fullwidth fullwidth-box fusion-builder-row-1 fusion-flex-container has-pattern-background has-mask-background nonhundred-percent-fullwidth non-hundred-percent-height-scrolling\" style=\"--awb-border-radius-top-left:0px;--awb-border-radius-top-right:0px;--awb-border-radius-bottom-right:0px;--awb-border-radius-bottom-left:0px;--awb-padding-top:60px;--awb-padding-bottom:40px;--awb-flex-wrap:wrap;\" ><div class=\"fusion-builder-row fusion-row fusion-flex-align-items-flex-start fusion-flex-content-wrap\" style=\"max-width:1248px;margin-left: calc(-4% \/ 2 );margin-right: calc(-4% \/ 2 );\"><div class=\"fusion-layout-column fusion_builder_column fusion-builder-column-0 fusion_builder_column_2_3 2_3 fusion-flex-column\" style=\"--awb-bg-size:cover;--awb-width-large:66.666666666667%;--awb-margin-top-large:0px;--awb-spacing-right-large:2.88%;--awb-margin-bottom-large:20px;--awb-spacing-left-large:2.88%;--awb-width-medium:66.666666666667%;--awb-order-medium:0;--awb-spacing-right-medium:2.88%;--awb-spacing-left-medium:2.88%;--awb-width-small:100%;--awb-order-small:0;--awb-spacing-right-small:1.92%;--awb-spacing-left-small:1.92%;\"><div class=\"fusion-column-wrapper fusion-column-has-shadow fusion-flex-justify-content-flex-start fusion-content-layout-column\"><div class=\"fusion-text fusion-text-1\" style=\"--awb-content-alignment:left;\"><p><span class=\"fusion-dropcap dropcap dropcap-boxed\" style=\"--awb-border-radius:50%;--awb-background:#acbc35;\">A<\/span>\u00a0Verdi Tendas h\u00e1 mais de uma d\u00e9cada \u00e9 especializada na produ\u00e7\u00e3o de Tendas e Acess\u00f3rios Promocionais prontos para a promo\u00e7\u00e3o de sua empresa, de sua marca e at\u00e9 mesmo de seu produto ou ponto de venda.<\/p>\n<p>N\u00e3o deixamos nenhum evento em que a promo\u00e7\u00e3o do seu neg\u00f3cio seja importante, sem que sua marca esteja em destaque.<\/p>\n<p style=\"text-align: center;\"><strong>Afinal comunica\u00e7\u00e3o visual e promo\u00e7\u00e3o est\u00e3o na alma da Verdi Tendas desde seu in\u00edcio.<\/strong><\/p>\n<p>Para isso a Verdi Tendas oferece a maior linha de Tendas Personaliz\u00e1veis do mercado nacional, disponibilizando para sua campanha promocional a mais vasta linha de mat\u00e9rias primas e todas as tecnologias de impress\u00e3o dispon\u00edveis para levar para sua Tenda e seus Acess\u00f3rios exatamente o visual de sua id\u00e9ia.<\/p>\n<\/div><\/div><\/div><div class=\"fusion-layout-column fusion_builder_column fusion-builder-column-1 fusion_builder_column_1_3 1_3 fusion-flex-column\" style=\"--awb-bg-size:cover;--awb-width-large:33.333333333333%;--awb-margin-top-large:0px;--awb-spacing-right-large:5.76%;--awb-margin-bottom-large:20px;--awb-spacing-left-large:5.76%;--awb-width-medium:33.333333333333%;--awb-order-medium:0;--awb-spacing-right-medium:5.76%;--awb-spacing-left-medium:5.76%;--awb-width-small:100%;--awb-order-small:0;--awb-spacing-right-small:1.92%;--awb-spacing-left-small:1.92%;\"><div class=\"fusion-column-wrapper fusion-column-has-shadow fusion-flex-justify-content-flex-start fusion-content-layout-column\"><div class=\"fusion-image-element \" style=\"text-align:center;--awb-caption-title-font-family:var(--h2_typography-font-family);--awb-caption-title-font-weight:var(--h2_typography-font-weight);--awb-caption-title-font-style:var(--h2_typography-font-style);--awb-caption-title-size:var(--h2_typography-font-size);--awb-caption-title-transform:var(--h2_typography-text-transform);--awb-caption-title-line-height:var(--h2_typography-line-height);--awb-caption-title-letter-spacing:var(--h2_typography-letter-spacing);\"><span class=\" fusion-imageframe imageframe-none imageframe-1 hover-type-none\"><img decoding=\"async\" width=\"415\" height=\"403\" title=\"personalizada\" src=\"https:\/\/fabricadetendas.com.br\/tendas\/tendas-personalizadas\/wp-content\/uploads\/2026\/01\/personalizada.png\" alt class=\"img-responsive wp-image-2869\" srcset=\"https:\/\/fabricadetendas.com.br\/tendas\/tendas-personalizadas\/wp-content\/uploads\/2026\/01\/personalizada-200x194.png 200w, https:\/\/fabricadetendas.com.br\/tendas\/tendas-personalizadas\/wp-content\/uploads\/2026\/01\/personalizada-400x388.png 400w, https:\/\/fabricadetendas.com.br\/tendas\/tendas-personalizadas\/wp-content\/uploads\/2026\/01\/personalizada.png 415w\" sizes=\"(max-width: 640px) 100vw, 400px\" \/><\/span><\/div><div class=\"fusion-separator fusion-full-width-sep\" style=\"align-self: center;margin-left: auto;margin-right: auto;margin-top:30px;width:100%;\"><\/div><\/div><\/div><div class=\"fusion-layout-column fusion_builder_column fusion-builder-column-2 fusion_builder_column_1_1 1_1 fusion-flex-column\" style=\"--awb-bg-size:cover;--awb-width-large:100%;--awb-margin-top-large:0px;--awb-spacing-right-large:1.92%;--awb-margin-bottom-large:20px;--awb-spacing-left-large:1.92%;--awb-width-medium:100%;--awb-order-medium:0;--awb-spacing-right-medium:1.92%;--awb-spacing-left-medium:1.92%;--awb-width-small:100%;--awb-order-small:0;--awb-spacing-right-small:1.92%;--awb-spacing-left-small:1.92%;\"><div class=\"fusion-column-wrapper fusion-column-has-shadow fusion-flex-justify-content-flex-start fusion-content-layout-column\"><div style=\"text-align:center;\"><a class=\"fusion-button button-flat button-xlarge button-default fusion-button-default button-1 fusion-button-default-span fusion-button-default-type\" target=\"_blank\" rel=\"noopener noreferrer\" href=\"https:\/\/api.whatsapp.com\/send?phone=5511940364328\"><span class=\"fusion-button-text awb-button__text awb-button__text--default\">Solicite um Or\u00e7amento<\/span><\/a><\/div><\/div><\/div><\/div><\/div><div class=\"fusion-fullwidth fullwidth-box fusion-builder-row-2 fusion-flex-container has-pattern-background has-mask-background nonhundred-percent-fullwidth non-hundred-percent-height-scrolling\" style=\"--awb-background-position:center top;--awb-border-radius-top-left:0px;--awb-border-radius-top-right:0px;--awb-border-radius-bottom-right:0px;--awb-border-radius-bottom-left:0px;--awb-padding-top:60px;--awb-padding-bottom:60px;--awb-background-color:#272948;--awb-flex-wrap:wrap;\" ><div class=\"fusion-builder-row fusion-row fusion-flex-align-items-flex-start fusion-flex-justify-content-center fusion-flex-content-wrap\" style=\"max-width:1248px;margin-left: calc(-4% \/ 2 );margin-right: calc(-4% \/ 2 );\"><div class=\"fusion-layout-column fusion_builder_column fusion-builder-column-3 fusion_builder_column_1_1 1_1 fusion-flex-column\" style=\"--awb-bg-size:cover;--awb-width-large:100%;--awb-margin-top-large:0px;--awb-spacing-right-large:1.92%;--awb-margin-bottom-large:20px;--awb-spacing-left-large:1.92%;--awb-width-medium:100%;--awb-order-medium:0;--awb-spacing-right-medium:1.92%;--awb-spacing-left-medium:1.92%;--awb-width-small:100%;--awb-order-small:0;--awb-spacing-right-small:1.92%;--awb-spacing-left-small:1.92%;\"><div class=\"fusion-column-wrapper fusion-column-has-shadow fusion-flex-justify-content-flex-start fusion-content-layout-column\"><div class=\"fusion-title title fusion-title-1 fusion-sep-none fusion-title-center fusion-title-text fusion-title-size-three\" style=\"--awb-text-color:#c2cc3b;--awb-margin-top:0px;--awb-margin-bottom:20px;--awb-font-size:36px;\"><h3 class=\"fusion-title-heading title-heading-center fusion-responsive-typography-calculated\" style=\"font-family:&quot;Work Sans&quot;;font-style:normal;font-weight:500;margin:0;font-size:1em;--fontSize:36;line-height:1.5;\">Tendas Personalizadas<\/h3><\/div><div class=\"fusion-separator fusion-full-width-sep\" style=\"align-self: center;margin-left: auto;margin-right: auto;margin-top:30px;width:100%;\"><\/div><div class=\"fusion-text fusion-text-2\" style=\"--awb-content-alignment:center;--awb-text-color:#ffffff;\"><p><strong>Traga seu projeto para n\u00f3s.<\/strong><br \/>\nNossos especialistas em comunica\u00e7\u00e3o visual v\u00e3o te dar o melhor atendimento.<br \/>\nCom criatividade nas solu\u00e7\u00f5es. Nosso objetivo \u00e9 surpreender voc\u00ea.<\/p>\n<\/div><\/div><\/div><div class=\"fusion-layout-column fusion_builder_column fusion-builder-column-4 fusion_builder_column_2_5 2_5 fusion-flex-column destaques\" style=\"--awb-bg-color:#ffffff;--awb-bg-color-hover:#ffffff;--awb-bg-size:cover;--awb-width-large:40%;--awb-margin-top-large:0px;--awb-spacing-right-large:10px;--awb-margin-bottom-large:30px;--awb-spacing-left-large:10px;--awb-width-medium:40%;--awb-order-medium:0;--awb-spacing-right-medium:10px;--awb-spacing-left-medium:10px;--awb-width-small:100%;--awb-order-small:0;--awb-spacing-right-small:1.92%;--awb-spacing-left-small:1.92%;\" data-scroll-devices=\"small-visibility,medium-visibility,large-visibility\"><div class=\"fusion-column-wrapper fusion-column-has-shadow fusion-flex-justify-content-flex-start fusion-content-layout-column\"><div class=\"fusion-image-element \" style=\"text-align:center;--awb-caption-title-font-family:var(--h2_typography-font-family);--awb-caption-title-font-weight:var(--h2_typography-font-weight);--awb-caption-title-font-style:var(--h2_typography-font-style);--awb-caption-title-size:var(--h2_typography-font-size);--awb-caption-title-transform:var(--h2_typography-text-transform);--awb-caption-title-line-height:var(--h2_typography-line-height);--awb-caption-title-letter-spacing:var(--h2_typography-letter-spacing);\"><span class=\" fusion-imageframe imageframe-none imageframe-2 hover-type-none\"><a href=\"https:\/\/fabricadetendas.com.br\/tendas\/tendas-personalizadas\/wp-content\/uploads\/2025\/11\/tenda-sanfonada-abre-facil.jpg\" class=\"fusion-lightbox\" data-rel=\"iLightbox[c03056fa4113bd9597c]\" data-title=\"tenda-sanfonada-abre-facil\" title=\"tenda-sanfonada-abre-facil\"><img decoding=\"async\" width=\"800\" height=\"600\" src=\"https:\/\/fabricadetendas.com.br\/tendas\/tendas-personalizadas\/wp-content\/uploads\/2025\/11\/tenda-sanfonada-abre-facil.jpg\" alt class=\"img-responsive wp-image-2790\" srcset=\"https:\/\/fabricadetendas.com.br\/tendas\/tendas-personalizadas\/wp-content\/uploads\/2025\/11\/tenda-sanfonada-abre-facil-200x150.jpg 200w, https:\/\/fabricadetendas.com.br\/tendas\/tendas-personalizadas\/wp-content\/uploads\/2025\/11\/tenda-sanfonada-abre-facil-400x300.jpg 400w, https:\/\/fabricadetendas.com.br\/tendas\/tendas-personalizadas\/wp-content\/uploads\/2025\/11\/tenda-sanfonada-abre-facil-600x450.jpg 600w, https:\/\/fabricadetendas.com.br\/tendas\/tendas-personalizadas\/wp-content\/uploads\/2025\/11\/tenda-sanfonada-abre-facil.jpg 800w\" sizes=\"(max-width: 640px) 100vw, 600px\" \/><\/a><\/span><\/div><div class=\"fusion-separator fusion-full-width-sep\" style=\"align-self: center;margin-left: auto;margin-right: auto;margin-top:30px;width:100%;\"><\/div><div class=\"fusion-title title fusion-title-2 fusion-sep-none fusion-title-center fusion-title-text fusion-title-size-three\" style=\"--awb-text-color:#272948;--awb-margin-right:20px;--awb-margin-left:20px;--awb-font-size:20px;\"><h3 class=\"fusion-title-heading title-heading-center fusion-responsive-typography-calculated\" style=\"font-family:&quot;Roboto&quot;;font-style:normal;font-weight:500;margin:0;font-size:1em;--fontSize:20;--minFontSize:20;line-height:1.5;\">Tenda Sanfonada AbreF\u00e1cil Personalizada<\/h3><\/div><\/div><\/div><div class=\"fusion-layout-column fusion_builder_column fusion-builder-column-5 fusion_builder_column_2_5 2_5 fusion-flex-column destaques\" style=\"--awb-bg-color:#ffffff;--awb-bg-color-hover:#ffffff;--awb-bg-size:cover;--awb-width-large:40%;--awb-margin-top-large:0px;--awb-spacing-right-large:10px;--awb-margin-bottom-large:30px;--awb-spacing-left-large:10px;--awb-width-medium:40%;--awb-order-medium:0;--awb-spacing-right-medium:10px;--awb-spacing-left-medium:10px;--awb-width-small:100%;--awb-order-small:0;--awb-spacing-right-small:1.92%;--awb-spacing-left-small:1.92%;\" data-scroll-devices=\"small-visibility,medium-visibility,large-visibility\"><div class=\"fusion-column-wrapper fusion-column-has-shadow fusion-flex-justify-content-flex-start fusion-content-layout-column\"><div class=\"fusion-image-element \" style=\"text-align:center;--awb-caption-title-font-family:var(--h2_typography-font-family);--awb-caption-title-font-weight:var(--h2_typography-font-weight);--awb-caption-title-font-style:var(--h2_typography-font-style);--awb-caption-title-size:var(--h2_typography-font-size);--awb-caption-title-transform:var(--h2_typography-text-transform);--awb-caption-title-line-height:var(--h2_typography-line-height);--awb-caption-title-letter-spacing:var(--h2_typography-letter-spacing);\"><span class=\" fusion-imageframe imageframe-none imageframe-3 hover-type-none\"><a href=\"https:\/\/fabricadetendas.com.br\/tendas\/tendas-personalizadas\/wp-content\/uploads\/2025\/11\/tenda-piramide-personalizada.jpg\" class=\"fusion-lightbox\" data-rel=\"iLightbox[d0d8fde9f850a8c036d]\" data-title=\"tenda-piramide-personalizada\" title=\"tenda-piramide-personalizada\"><img decoding=\"async\" width=\"800\" height=\"600\" src=\"https:\/\/fabricadetendas.com.br\/tendas\/tendas-personalizadas\/wp-content\/uploads\/2025\/11\/tenda-piramide-personalizada.jpg\" alt class=\"img-responsive wp-image-2791\" srcset=\"https:\/\/fabricadetendas.com.br\/tendas\/tendas-personalizadas\/wp-content\/uploads\/2025\/11\/tenda-piramide-personalizada-200x150.jpg 200w, https:\/\/fabricadetendas.com.br\/tendas\/tendas-personalizadas\/wp-content\/uploads\/2025\/11\/tenda-piramide-personalizada-400x300.jpg 400w, https:\/\/fabricadetendas.com.br\/tendas\/tendas-personalizadas\/wp-content\/uploads\/2025\/11\/tenda-piramide-personalizada-600x450.jpg 600w, https:\/\/fabricadetendas.com.br\/tendas\/tendas-personalizadas\/wp-content\/uploads\/2025\/11\/tenda-piramide-personalizada.jpg 800w\" sizes=\"(max-width: 640px) 100vw, 600px\" \/><\/a><\/span><\/div><div class=\"fusion-separator fusion-full-width-sep\" style=\"align-self: center;margin-left: auto;margin-right: auto;margin-top:30px;width:100%;\"><\/div><div class=\"fusion-title title fusion-title-3 fusion-sep-none fusion-title-center fusion-title-text fusion-title-size-three\" style=\"--awb-text-color:#272948;--awb-margin-right:20px;--awb-margin-left:20px;--awb-font-size:20px;\"><h3 class=\"fusion-title-heading title-heading-center fusion-responsive-typography-calculated\" style=\"font-family:&quot;Roboto&quot;;font-style:normal;font-weight:500;margin:0;font-size:1em;--fontSize:20;--minFontSize:20;line-height:1.5;\">Tenda Pir\u00e2mide Personalizada<\/h3><\/div><\/div><\/div><div class=\"fusion-layout-column fusion_builder_column fusion-builder-column-6 fusion_builder_column_2_5 2_5 fusion-flex-column destaques\" style=\"--awb-bg-color:#ffffff;--awb-bg-color-hover:#ffffff;--awb-bg-size:cover;--awb-width-large:40%;--awb-margin-top-large:0px;--awb-spacing-right-large:10px;--awb-margin-bottom-large:30px;--awb-spacing-left-large:10px;--awb-width-medium:40%;--awb-order-medium:0;--awb-spacing-right-medium:10px;--awb-spacing-left-medium:10px;--awb-width-small:100%;--awb-order-small:0;--awb-spacing-right-small:1.92%;--awb-spacing-left-small:1.92%;\" data-scroll-devices=\"small-visibility,medium-visibility,large-visibility\"><div class=\"fusion-column-wrapper fusion-column-has-shadow fusion-flex-justify-content-flex-start fusion-content-layout-column\"><div class=\"fusion-image-element \" style=\"text-align:center;--awb-caption-title-font-family:var(--h2_typography-font-family);--awb-caption-title-font-weight:var(--h2_typography-font-weight);--awb-caption-title-font-style:var(--h2_typography-font-style);--awb-caption-title-size:var(--h2_typography-font-size);--awb-caption-title-transform:var(--h2_typography-text-transform);--awb-caption-title-line-height:var(--h2_typography-line-height);--awb-caption-title-letter-spacing:var(--h2_typography-letter-spacing);\"><span class=\" fusion-imageframe imageframe-none imageframe-4 hover-type-none\"><a href=\"https:\/\/fabricadetendas.com.br\/tendas\/tendas-personalizadas\/wp-content\/uploads\/2025\/11\/laterais-personalizadas.jpg\" class=\"fusion-lightbox\" data-rel=\"iLightbox[8567b08290c251c2874]\" data-title=\"laterais-personalizadas\" title=\"laterais-personalizadas\"><img decoding=\"async\" width=\"800\" height=\"600\" src=\"https:\/\/fabricadetendas.com.br\/tendas\/tendas-personalizadas\/wp-content\/uploads\/2025\/11\/laterais-personalizadas.jpg\" alt class=\"img-responsive wp-image-2803\" srcset=\"https:\/\/fabricadetendas.com.br\/tendas\/tendas-personalizadas\/wp-content\/uploads\/2025\/11\/laterais-personalizadas-200x150.jpg 200w, https:\/\/fabricadetendas.com.br\/tendas\/tendas-personalizadas\/wp-content\/uploads\/2025\/11\/laterais-personalizadas-400x300.jpg 400w, https:\/\/fabricadetendas.com.br\/tendas\/tendas-personalizadas\/wp-content\/uploads\/2025\/11\/laterais-personalizadas-600x450.jpg 600w, https:\/\/fabricadetendas.com.br\/tendas\/tendas-personalizadas\/wp-content\/uploads\/2025\/11\/laterais-personalizadas.jpg 800w\" sizes=\"(max-width: 640px) 100vw, 600px\" \/><\/a><\/span><\/div><div class=\"fusion-separator fusion-full-width-sep\" style=\"align-self: center;margin-left: auto;margin-right: auto;margin-top:30px;width:100%;\"><\/div><div class=\"fusion-title title fusion-title-4 fusion-sep-none fusion-title-center fusion-title-text fusion-title-size-three\" style=\"--awb-text-color:#272948;--awb-margin-right:20px;--awb-margin-left:20px;--awb-font-size:20px;\"><h3 class=\"fusion-title-heading title-heading-center fusion-responsive-typography-calculated\" style=\"font-family:&quot;Roboto&quot;;font-style:normal;font-weight:500;margin:0;font-size:1em;--fontSize:20;--minFontSize:20;line-height:1.5;\">Laterais Personalizadas<\/h3><\/div><\/div><\/div><div class=\"fusion-layout-column fusion_builder_column fusion-builder-column-7 fusion_builder_column_2_5 2_5 fusion-flex-column destaques\" style=\"--awb-bg-color:#ffffff;--awb-bg-color-hover:#ffffff;--awb-bg-size:cover;--awb-width-large:40%;--awb-margin-top-large:0px;--awb-spacing-right-large:10px;--awb-margin-bottom-large:30px;--awb-spacing-left-large:10px;--awb-width-medium:40%;--awb-order-medium:0;--awb-spacing-right-medium:10px;--awb-spacing-left-medium:10px;--awb-width-small:100%;--awb-order-small:0;--awb-spacing-right-small:1.92%;--awb-spacing-left-small:1.92%;\" data-scroll-devices=\"small-visibility,medium-visibility,large-visibility\"><div class=\"fusion-column-wrapper fusion-column-has-shadow fusion-flex-justify-content-flex-start fusion-content-layout-column\"><div class=\"fusion-image-element \" style=\"text-align:center;--awb-caption-title-font-family:var(--h2_typography-font-family);--awb-caption-title-font-weight:var(--h2_typography-font-weight);--awb-caption-title-font-style:var(--h2_typography-font-style);--awb-caption-title-size:var(--h2_typography-font-size);--awb-caption-title-transform:var(--h2_typography-text-transform);--awb-caption-title-line-height:var(--h2_typography-line-height);--awb-caption-title-letter-spacing:var(--h2_typography-letter-spacing);\"><span class=\" fusion-imageframe imageframe-none imageframe-5 hover-type-none\"><a href=\"https:\/\/fabricadetendas.com.br\/tendas\/tendas-personalizadas\/wp-content\/uploads\/2025\/11\/coberturas-multicores.jpg\" class=\"fusion-lightbox\" data-rel=\"iLightbox[5b2bf864c61882fc3ed]\" data-title=\"coberturas-multicores\" title=\"coberturas-multicores\"><img decoding=\"async\" width=\"800\" height=\"600\" src=\"https:\/\/fabricadetendas.com.br\/tendas\/tendas-personalizadas\/wp-content\/uploads\/2025\/11\/coberturas-multicores.jpg\" alt class=\"img-responsive wp-image-2802\" srcset=\"https:\/\/fabricadetendas.com.br\/tendas\/tendas-personalizadas\/wp-content\/uploads\/2025\/11\/coberturas-multicores-200x150.jpg 200w, https:\/\/fabricadetendas.com.br\/tendas\/tendas-personalizadas\/wp-content\/uploads\/2025\/11\/coberturas-multicores-400x300.jpg 400w, https:\/\/fabricadetendas.com.br\/tendas\/tendas-personalizadas\/wp-content\/uploads\/2025\/11\/coberturas-multicores-600x450.jpg 600w, https:\/\/fabricadetendas.com.br\/tendas\/tendas-personalizadas\/wp-content\/uploads\/2025\/11\/coberturas-multicores.jpg 800w\" sizes=\"(max-width: 640px) 100vw, 600px\" \/><\/a><\/span><\/div><div class=\"fusion-separator fusion-full-width-sep\" style=\"align-self: center;margin-left: auto;margin-right: auto;margin-top:30px;width:100%;\"><\/div><div class=\"fusion-title title fusion-title-5 fusion-sep-none fusion-title-center fusion-title-text fusion-title-size-three\" style=\"--awb-text-color:#272948;--awb-margin-right:20px;--awb-margin-left:20px;--awb-font-size:20px;\"><h3 class=\"fusion-title-heading title-heading-center fusion-responsive-typography-calculated\" style=\"font-family:&quot;Roboto&quot;;font-style:normal;font-weight:500;margin:0;font-size:1em;--fontSize:20;--minFontSize:20;line-height:1.5;\">Coberturas Multicores<\/h3><\/div><\/div><\/div><\/div><\/div><\/p>\n","protected":false},"excerpt":{"rendered":"","protected":false},"author":15,"featured_media":0,"parent":0,"menu_order":0,"comment_status":"closed","ping_status":"closed","template":"100-width.php","meta":{"footnotes":""},"class_list":["post-611","page","type-page","status-publish","hentry"],"_links":{"self":[{"href":"https:\/\/fabricadetendas.com.br\/tendas\/tendas-personalizadas\/wp-json\/wp\/v2\/pages\/611","targetHints":{"allow":["GET"]}}],"collection":[{"href":"https:\/\/fabricadetendas.com.br\/tendas\/tendas-personalizadas\/wp-json\/wp\/v2\/pages"}],"about":[{"href":"https:\/\/fabricadetendas.com.br\/tendas\/tendas-personalizadas\/wp-json\/wp\/v2\/types\/page"}],"author":[{"embeddable":true,"href":"https:\/\/fabricadetendas.com.br\/tendas\/tendas-personalizadas\/wp-json\/wp\/v2\/users\/15"}],"replies":[{"embeddable":true,"href":"https:\/\/fabricadetendas.com.br\/tendas\/tendas-personalizadas\/wp-json\/wp\/v2\/comments?post=611"}],"version-history":[{"count":4,"href":"https:\/\/fabricadetendas.com.br\/tendas\/tendas-personalizadas\/wp-json\/wp\/v2\/pages\/611\/revisions"}],"predecessor-version":[{"id":2878,"href":"https:\/\/fabricadetendas.com.br\/tendas\/tendas-personalizadas\/wp-json\/wp\/v2\/pages\/611\/revisions\/2878"}],"wp:attachment":[{"href":"https:\/\/fabricadetendas.com.br\/tendas\/tendas-personalizadas\/wp-json\/wp\/v2\/media?parent=611"}],"curies":[{"name":"wp","href":"https:\/\/api.w.org\/{rel}","templated":true}]}}